{"id":5248,"date":"2022-03-20T17:04:02","date_gmt":"2022-03-20T20:04:02","guid":{"rendered":"https:\/\/drosvaldocerqueira.com.br\/?page_id=5248"},"modified":"2022-03-20T17:05:48","modified_gmt":"2022-03-20T20:05:48","slug":"patologias","status":"publish","type":"page","link":"https:\/\/drosvaldocerqueira.com.br\/index.php\/patologias\/","title":{"rendered":"Patologias"},"content":{"rendered":"<p>[vc_row][vc_column]<ul class=\"clearfix mc-features mc-features-large mc-features-style-default\"><li class=\"item-content clearfix\">\r\n\t\t\t\t<a class=\"hexagon\" href=\"https:\/\/drosvaldocerqueira.com.br\/index.php\/features\/bursite-do-quadril\/\" title=\"Bursite do Quadril\"><span class=\"features-medical-results\"><\/span><\/a><div class=\"text\"><h3><a href=\"https:\/\/drosvaldocerqueira.com.br\/index.php\/features\/bursite-do-quadril\/\"  title=\"Bursite do Quadril\">Bursite do Quadril<\/a><\/h3><p>Bursas s\u00e3o tecidos encontrados em diversas articula\u00e7\u00f5es, que funcionam como revestimento de proemin\u00eancias \u00f3sseas <\/p>\n<\/div>\r\n\t\t\t<\/li><li class=\"item-content clearfix\">\r\n\t\t\t\t<a class=\"hexagon\" href=\"https:\/\/drosvaldocerqueira.com.br\/index.php\/features\/impacto-femoroacetabular-ifa\/\" title=\"Impacto femoroacetabular (IFA)\"><span class=\"features-medical-results\"><\/span><\/a><div class=\"text\"><h3><a href=\"https:\/\/drosvaldocerqueira.com.br\/index.php\/features\/impacto-femoroacetabular-ifa\/\"  title=\"Impacto femoroacetabular (IFA)\">Impacto femoroacetabular (IFA)<\/a><\/h3><p>Conflito din\u00e2mico que ocorre quando a articula\u00e7\u00e3o do quadril apresenta um encaixe n\u00e3o muito preciso nos extremos dos movimentos do quadril.<\/p>\n<\/div>\r\n\t\t\t<\/li><li class=\"item-content clearfix\">\r\n\t\t\t\t<a class=\"hexagon\" href=\"https:\/\/drosvaldocerqueira.com.br\/index.php\/features\/osteoartrosedoquadril\/\" title=\"Osteoartrose e pr\u00f3tese de quadril\"><span class=\"features-medical-results\"><\/span><\/a><div class=\"text\"><h3><a href=\"https:\/\/drosvaldocerqueira.com.br\/index.php\/features\/osteoartrosedoquadril\/\"  title=\"Osteoartrose e pr\u00f3tese de quadril\">Osteoartrose e pr\u00f3tese de quadril<\/a><\/h3><p>Coxartrose ou Osteoartrose do Quadril, nada mais \u00e9 do que o desgaste da articula\u00e7\u00e3o do quadril.<\/p>\n<\/div>\r\n\t\t\t<\/li><li class=\"item-content clearfix\">\r\n\t\t\t\t<a class=\"hexagon\" href=\"https:\/\/drosvaldocerqueira.com.br\/index.php\/features\/osteonecrose-da-cabeca-femoral\/\" title=\"Osteonecrose da cabe\u00e7a femoral\"><span class=\"features-medical-results\"><\/span><\/a><div class=\"text\"><h3><a href=\"https:\/\/drosvaldocerqueira.com.br\/index.php\/features\/osteonecrose-da-cabeca-femoral\/\"  title=\"Osteonecrose da cabe\u00e7a femoral\">Osteonecrose da cabe\u00e7a femoral<\/a><\/h3><p>A osteonecrose, tamb\u00e9m chamada de necrose avascular ou necrose ass\u00e9ptica<\/p>\n<\/div>\r\n\t\t\t<\/li><li class=\"item-content clearfix\">\r\n\t\t\t\t<a class=\"hexagon\" href=\"https:\/\/drosvaldocerqueira.com.br\/index.php\/features\/pubalgia\/\" title=\"Pubalgia\"><span class=\"features-medical-results\"><\/span><\/a><div class=\"text\"><h3><a href=\"https:\/\/drosvaldocerqueira.com.br\/index.php\/features\/pubalgia\/\"  title=\"Pubalgia\">Pubalgia<\/a><\/h3><p>A pubalgia possui diversos sin\u00f4nimos na comunidade ortop\u00e9dica, dentre eles: oste\u00edte p\u00fabica, pube\u00edte, h\u00e9rnia do esporte, dentre outros.\u00a0<\/p>\n<\/div>\r\n\t\t\t<\/li><li class=\"item-content clearfix\">\r\n\t\t\t\t<a class=\"hexagon\" href=\"https:\/\/drosvaldocerqueira.com.br\/index.php\/features\/sacroileite\/\" title=\"Sacroile\u00edte\"><span class=\"features-medical-results\"><\/span><\/a><div class=\"text\"><h3><a href=\"https:\/\/drosvaldocerqueira.com.br\/index.php\/features\/sacroileite\/\"  title=\"Sacroile\u00edte\">Sacroile\u00edte<\/a><\/h3><p>Sacroile\u00edte \u00e9 uma inflama\u00e7\u00e3o nas articula\u00e7\u00f5es sacro-il\u00edacas (entre o osso do sacro e os ossos do il\u00edaco).<\/p>\n<\/div>\r\n\t\t\t<\/li><\/ul>[\/vc_column][\/vc_row]<\/p>\n","protected":false},"excerpt":{"rendered":"<p>[vc_row][vc_column][\/vc_column][\/vc_row]<\/p>\n","protected":false},"author":1,"featured_media":0,"parent":0,"menu_order":0,"comment_status":"closed","ping_status":"closed","template":"","meta":{"footnotes":""},"class_list":["post-5248","page","type-page","status-publish","hentry"],"_links":{"self":[{"href":"https:\/\/drosvaldocerqueira.com.br\/index.php\/wp-json\/wp\/v2\/pages\/5248"}],"collection":[{"href":"https:\/\/drosvaldocerqueira.com.br\/index.php\/wp-json\/wp\/v2\/pages"}],"about":[{"href":"https:\/\/drosvaldocerqueira.com.br\/index.php\/wp-json\/wp\/v2\/types\/page"}],"author":[{"embeddable":true,"href":"https:\/\/drosvaldocerqueira.com.br\/index.php\/wp-json\/wp\/v2\/users\/1"}],"replies":[{"embeddable":true,"href":"https:\/\/drosvaldocerqueira.com.br\/index.php\/wp-json\/wp\/v2\/comments?post=5248"}],"version-history":[{"count":3,"href":"https:\/\/drosvaldocerqueira.com.br\/index.php\/wp-json\/wp\/v2\/pages\/5248\/revisions"}],"predecessor-version":[{"id":5251,"href":"https:\/\/drosvaldocerqueira.com.br\/index.php\/wp-json\/wp\/v2\/pages\/5248\/revisions\/5251"}],"wp:attachment":[{"href":"https:\/\/drosvaldocerqueira.com.br\/index.php\/wp-json\/wp\/v2\/media?parent=5248"}],"curies":[{"name":"wp","href":"https:\/\/api.w.org\/{rel}","templated":true}]}}