{"id":3811,"date":"2018-10-25T12:36:29","date_gmt":"2018-10-25T12:36:29","guid":{"rendered":"http:\/\/quanticalabs.com\/wptest\/medicenter-new\/?page_id=3811"},"modified":"2025-03-12T09:59:40","modified_gmt":"2025-03-12T12:59:40","slug":"sobre-mim","status":"publish","type":"page","link":"https:\/\/drosvaldocerqueira.com.br\/index.php\/sobre-mim\/","title":{"rendered":"Sobre mim"},"content":{"rendered":"<p>[vc_row top_margin=&#8221;page-margin-top-section&#8221;][vc_column width=&#8221;1\/2&#8243; el_class=&#8221;padding-right-30&#8243;][vc_single_image image=&#8221;5401&#8243; img_size=&#8221;full&#8221;][\/vc_column][vc_column width=&#8221;1\/2&#8243;]<h3 class=\"box-header\">Dr. Osvaldo Cerqueira<\/h3><h2 class=\"box-header large margin-top-30 no-border\">Ortopedista - Especialista em Quadril<\/h2>[vc_column_text el_class=&#8221;large margin-top-10&#8243;]<\/p>\n<h2><span style=\"color: #ffffff;\">Forma\u00e7\u00e3o Acad\u00eamica<\/span><\/h2>\n<p><span style=\"color: #ffffff;\">M\u00e9dico Formado em 2012 pela Faculdade de Tecnologia e Ci\u00eancias (FTC) \/ BA<\/span><\/p>\n<p><span style=\"color: #ffffff;\">Resid\u00eancia m\u00e9dica em Ortopedia e Traumatologia pela Santa Casa de Miseric\u00f3rdia de Ribeir\u00e3o Preto em 2017 \/ SP<\/span><\/p>\n<p><span style=\"color: #ffffff;\">Especializa\u00e7\u00e3o em Cirurgia do Quadril no COT em 2018 \/ BA<\/span><\/p>\n<p><span style=\"color: #ffffff;\">Membro Titular da Sociedade Brasileira de Ortopedia e Traumatologia (SBOT)<\/span><\/p>\n<p><span style=\"color: #ffffff;\">Curso de Artroscopia de Quadril 2018 em Naples na Fl\u00f3rida \/ EUA<\/span><\/p>\n<p><span style=\"color: #ffffff;\">Curso de Artroscopia de Quadril 2020 no MARC INSTITUTE. Fl\u00f3rida \/ EUA<\/span><\/p>\n<p><span style=\"color: #ffffff;\">International Hip Arthroscopy Lab Course, Porto\/Portugal 2022<\/span>[\/vc_column_text][\/vc_column][\/vc_row]<\/p>\n","protected":false},"excerpt":{"rendered":"<p>[vc_row top_margin=&#8221;page-margin-top-section&#8221;][vc_column width=&#8221;1\/2&#8243; el_class=&#8221;padding-right-30&#8243;][vc_single_image image=&#8221;5401&#8243; img_size=&#8221;full&#8221;][\/vc_column][vc_column width=&#8221;1\/2&#8243;][vc_column_text el_class=&#8221;large margin-top-10&#8243;] Forma\u00e7\u00e3o Acad\u00eamica M\u00e9dico Formado em 2012 pela Faculdade de Tecnologia e Ci\u00eancias (FTC) \/ BA Resid\u00eancia m\u00e9dica em Ortopedia e Traumatologia pela Santa Casa de Miseric\u00f3rdia de Ribeir\u00e3o Preto em 2017 \/ SP Especializa\u00e7\u00e3o em Cirurgia do Quadril no COT em 2018 \/ BA Membro Titular<\/p>\n","protected":false},"author":1,"featured_media":0,"parent":0,"menu_order":0,"comment_status":"closed","ping_status":"closed","template":"","meta":{"footnotes":""},"class_list":["post-3811","page","type-page","status-publish","hentry"],"_links":{"self":[{"href":"https:\/\/drosvaldocerqueira.com.br\/index.php\/wp-json\/wp\/v2\/pages\/3811"}],"collection":[{"href":"https:\/\/drosvaldocerqueira.com.br\/index.php\/wp-json\/wp\/v2\/pages"}],"about":[{"href":"https:\/\/drosvaldocerqueira.com.br\/index.php\/wp-json\/wp\/v2\/types\/page"}],"author":[{"embeddable":true,"href":"https:\/\/drosvaldocerqueira.com.br\/index.php\/wp-json\/wp\/v2\/users\/1"}],"replies":[{"embeddable":true,"href":"https:\/\/drosvaldocerqueira.com.br\/index.php\/wp-json\/wp\/v2\/comments?post=3811"}],"version-history":[{"count":8,"href":"https:\/\/drosvaldocerqueira.com.br\/index.php\/wp-json\/wp\/v2\/pages\/3811\/revisions"}],"predecessor-version":[{"id":5402,"href":"https:\/\/drosvaldocerqueira.com.br\/index.php\/wp-json\/wp\/v2\/pages\/3811\/revisions\/5402"}],"wp:attachment":[{"href":"https:\/\/drosvaldocerqueira.com.br\/index.php\/wp-json\/wp\/v2\/media?parent=3811"}],"curies":[{"name":"wp","href":"https:\/\/api.w.org\/{rel}","templated":true}]}}